{"id":8,"date":"2021-08-05T17:02:22","date_gmt":"2021-08-05T17:02:22","guid":{"rendered":"https:\/\/kajza.si\/?page_id=8"},"modified":"2021-10-29T11:38:17","modified_gmt":"2021-10-29T11:38:17","slug":"zakaj-kajza","status":"publish","type":"page","link":"https:\/\/kajza.si\/index.php\/zakaj-kajza\/","title":{"rendered":"Zakaj Kaj\u017ea?"},"content":{"rendered":"\n<div class=\"wp-block-advgb-columns advgb-columns-wrapper\" id=\"advgb-cols-c88df149-0ffb-484b-aac8-263bdb9e6275\"><div class=\"advgb-columns-container\"><div class=\"advgb-columns advgb-columns-row advgb-is-mobile advgb-columns-2 layout-23-13 mbl-layout-stacked vgutter-10\">\n<div class=\"wp-block-advgb-column advgb-column advgb-is-two-thirds-tablet advgb-is-full-mobile\" id=\"advgb-col-00f21564-4b78-4a07-a86d-2441a2377a04\"><div class=\"advgb-column-inner\" style=\"border-style:none;border-width:1px\">\n<p>Kaj\u017ea je sti\u010di\u0161\u010de za prenovo in trajnostne oblike bivanja. Gre za platformo, ki povezuje strokovnjake in navdu\u0161ence nad arhitekturno prenovo, mojstre obrtnike in inovativne tehnologe, varuhe dedi\u0161\u010dine in lokalne skupnosti, okoljevarstvenike, zakonodajalce, poljedelce, arhitekte, kulturnike in znanstvenike. Kaj\u017ea je tudi izobra\u017eevalno orodje, je tudi medij in tudi generator idej o druga\u010dnih, bolj trajnostnih na\u010dinih bivanja. Zanimajo nas permakultura, dru\u017ebeno odgovorna gradnja, mo\u017enosti za revitalizacijo pode\u017eelja, mo\u017enosti za sooblikovanje mesta, dolgoro\u010dno sobivanje z naravo. Predvsem pa je Kaj\u017ea plod spo\u0161tovanja in ljubezni do skupne arhitekturne, kulturne in naravne dedi\u0161\u010dine. Deluje v prepri\u010danju, da vsi ti parametri niso nujno v navzkri\u017eju, temve\u010d da jih je mogo\u010de s pametnim razmislekom in pravo mero empatije spraviti med seboj.<\/p>\n\n\n\n<p>Kaj\u017ea bo posku\u0161ala zanos nad prenovo in prilagojeno uporabo obstoje\u010dih objektov prenesti tudi na tiste neredke posameznike, ki stare hi\u0161e danes morda razumejo kot breme. Ker zgledi vle\u010dejo, spremlja zanesenjake, ki so si \u017ee drznili zapustiti cono udobja in se samoiniciativno lotiti prenove, obenem pa razmi\u0161lja o tem, ali je lahko spodbuda prenovi na pode\u017eelju ena od mo\u017enosti za re\u0161evanje stanovanjskega vpra\u0161anja. Kaj\u017ea raziskuje skupnostne stanovanjske prakse in \u0161iri glas o skupnostni prenovi. Predstavlja najkakovostnej\u0161e projekte prenov iz Slovenije in \u0161ir\u0161e geografske regije, izobra\u017euje o tehni\u010dnih aspektih prenove in njenem financiranju, spodbuja lokalno samooskrbo in trajnostne na\u010dine bivanja ter obenem i\u0161\u010de oprijemljive mo\u017enosti za mehanizme naseljevanja in revitalizacije opu\u0161\u010denih objektov na slovenskem pode\u017eelju na sistemski ravni.<\/p>\n\n\n\n<p>Pridru\u017eite se! Dobrodo\u0161li.<\/p>\n<\/div><\/div>\n\n\n\n<div class=\"wp-block-advgb-column advgb-column advgb-is-one-third-tablet advgb-is-full-mobile\" id=\"advgb-col-445f0bb9-605d-4603-845b-173f6b396e29\"><div class=\"advgb-column-inner\" style=\"border-style:none;border-width:1px\"><\/div><\/div>\n<\/div><\/div><\/div>\n\n\n\n<div class=\"wp-block-image\"><figure class=\"aligncenter size-medium\"><img loading=\"lazy\" decoding=\"async\" width=\"300\" height=\"213\" src=\"https:\/\/kajza.si\/wp-content\/uploads\/2021\/10\/kajza1-300x213.png\" alt=\"\" class=\"wp-image-506\" srcset=\"https:\/\/kajza.si\/wp-content\/uploads\/2021\/10\/kajza1-300x213.png 300w, https:\/\/kajza.si\/wp-content\/uploads\/2021\/10\/kajza1-1024x727.png 1024w, https:\/\/kajza.si\/wp-content\/uploads\/2021\/10\/kajza1-768x545.png 768w, https:\/\/kajza.si\/wp-content\/uploads\/2021\/10\/kajza1.png 1033w\" sizes=\"auto, (max-width: 300px) 100vw, 300px\" \/><\/figure><\/div>\n<style class=\"advgb-styles-renderer\">#advgb-col-00f21564-4b78-4a07-a86d-2441a2377a04>.advgb-column-inner{}@media screen and (max-width: 1023px) {#advgb-col-00f21564-4b78-4a07-a86d-2441a2377a04>.advgb-column-inner{}}@media screen and (max-width: 767px) {#advgb-col-00f21564-4b78-4a07-a86d-2441a2377a04>.advgb-column-inner{}}#advgb-col-445f0bb9-605d-4603-845b-173f6b396e29>.advgb-column-inner{}@media screen and (max-width: 1023px) {#advgb-col-445f0bb9-605d-4603-845b-173f6b396e29>.advgb-column-inner{}}@media screen and (max-width: 767px) {#advgb-col-445f0bb9-605d-4603-845b-173f6b396e29>.advgb-column-inner{}}#advgb-cols-c88df149-0ffb-484b-aac8-263bdb9e6275{}@media screen and (max-width: 1023px) {#advgb-cols-c88df149-0ffb-484b-aac8-263bdb9e6275{}}@media screen and (max-width: 767px) {#advgb-cols-c88df149-0ffb-484b-aac8-263bdb9e6275{}}#advgb-col-00f21564-4b78-4a07-a86d-2441a2377a04>.advgb-column-inner{}@media screen and (max-width: 1023px) {#advgb-col-00f21564-4b78-4a07-a86d-2441a2377a04>.advgb-column-inner{}}@media screen and (max-width: 767px) {#advgb-col-00f21564-4b78-4a07-a86d-2441a2377a04>.advgb-column-inner{}}#advgb-col-445f0bb9-605d-4603-845b-173f6b396e29>.advgb-column-inner{}@media screen and (max-width: 1023px) {#advgb-col-445f0bb9-605d-4603-845b-173f6b396e29>.advgb-column-inner{}}@media screen and (max-width: 767px) {#advgb-col-445f0bb9-605d-4603-845b-173f6b396e29>.advgb-column-inner{}}<\/style>","protected":false},"excerpt":{"rendered":"<span class=\"archive-read-more\"><a href=\"https:\/\/kajza.si\/index.php\/zakaj-kajza\/\">Preberite ve\u010d ...<\/a><\/span>","protected":false},"author":1,"featured_media":0,"parent":0,"menu_order":0,"comment_status":"closed","ping_status":"closed","template":"container.php","meta":{"advgb_blocks_editor_width":"","advgb_blocks_columns_visual_guide":"","footnotes":""},"class_list":["post-8","page","type-page","status-publish","hentry"],"yoast_head":"<!-- This site is optimized with the Yoast SEO plugin v27.6 - https:\/\/yoast.com\/product\/yoast-seo-wordpress\/ -->\n<title>Zakaj Kaj\u017ea? &#8226; Kaj\u017ea<\/title>\n<meta name=\"robots\" content=\"index, follow, max-snippet:-1, max-image-preview:large, max-video-preview:-1\" \/>\n<link rel=\"canonical\" href=\"https:\/\/kajza.si\/index.php\/zakaj-kajza\/\" \/>\n<meta property=\"og:locale\" content=\"en_US\" \/>\n<meta property=\"og:type\" content=\"article\" \/>\n<meta property=\"og:title\" content=\"Zakaj Kaj\u017ea? &#8226; Kaj\u017ea\" \/>\n<meta property=\"og:url\" content=\"https:\/\/kajza.si\/index.php\/zakaj-kajza\/\" \/>\n<meta property=\"og:site_name\" content=\"Kaj\u017ea\" \/>\n<meta property=\"article:modified_time\" content=\"2021-10-29T11:38:17+00:00\" \/>\n<meta property=\"og:image\" content=\"https:\/\/kajza.si\/wp-content\/uploads\/2021\/10\/kajza1-300x213.png\" \/>\n<meta name=\"twitter:card\" content=\"summary_large_image\" \/>\n<meta name=\"twitter:label1\" content=\"Est. reading time\" \/>\n\t<meta name=\"twitter:data1\" content=\"1 minute\" \/>\n<script type=\"application\/ld+json\" class=\"yoast-schema-graph\">{\"@context\":\"https:\\\/\\\/schema.org\",\"@graph\":[{\"@type\":\"WebPage\",\"@id\":\"https:\\\/\\\/kajza.si\\\/index.php\\\/zakaj-kajza\\\/\",\"url\":\"https:\\\/\\\/kajza.si\\\/index.php\\\/zakaj-kajza\\\/\",\"name\":\"Zakaj Kaj\u017ea? &#8226; Kaj\u017ea\",\"isPartOf\":{\"@id\":\"https:\\\/\\\/kajza.si\\\/#website\"},\"primaryImageOfPage\":{\"@id\":\"https:\\\/\\\/kajza.si\\\/index.php\\\/zakaj-kajza\\\/#primaryimage\"},\"image\":{\"@id\":\"https:\\\/\\\/kajza.si\\\/index.php\\\/zakaj-kajza\\\/#primaryimage\"},\"thumbnailUrl\":\"https:\\\/\\\/kajza.si\\\/wp-content\\\/uploads\\\/2021\\\/10\\\/kajza1-300x213.png\",\"datePublished\":\"2021-08-05T17:02:22+00:00\",\"dateModified\":\"2021-10-29T11:38:17+00:00\",\"breadcrumb\":{\"@id\":\"https:\\\/\\\/kajza.si\\\/index.php\\\/zakaj-kajza\\\/#breadcrumb\"},\"inLanguage\":\"en-US\",\"potentialAction\":[{\"@type\":\"ReadAction\",\"target\":[\"https:\\\/\\\/kajza.si\\\/index.php\\\/zakaj-kajza\\\/\"]}]},{\"@type\":\"ImageObject\",\"inLanguage\":\"en-US\",\"@id\":\"https:\\\/\\\/kajza.si\\\/index.php\\\/zakaj-kajza\\\/#primaryimage\",\"url\":\"https:\\\/\\\/kajza.si\\\/wp-content\\\/uploads\\\/2021\\\/10\\\/kajza1.png\",\"contentUrl\":\"https:\\\/\\\/kajza.si\\\/wp-content\\\/uploads\\\/2021\\\/10\\\/kajza1.png\",\"width\":1033,\"height\":733},{\"@type\":\"BreadcrumbList\",\"@id\":\"https:\\\/\\\/kajza.si\\\/index.php\\\/zakaj-kajza\\\/#breadcrumb\",\"itemListElement\":[{\"@type\":\"ListItem\",\"position\":1,\"name\":\"Home\",\"item\":\"https:\\\/\\\/kajza.si\\\/\"},{\"@type\":\"ListItem\",\"position\":2,\"name\":\"Zakaj Kaj\u017ea?\"}]},{\"@type\":\"WebSite\",\"@id\":\"https:\\\/\\\/kajza.si\\\/#website\",\"url\":\"https:\\\/\\\/kajza.si\\\/\",\"name\":\"Kaj\u017ea\",\"description\":\"Sti\u010di\u0161\u010de za prenovo in trajnostno bivanje\",\"potentialAction\":[{\"@type\":\"SearchAction\",\"target\":{\"@type\":\"EntryPoint\",\"urlTemplate\":\"https:\\\/\\\/kajza.si\\\/?s={search_term_string}\"},\"query-input\":{\"@type\":\"PropertyValueSpecification\",\"valueRequired\":true,\"valueName\":\"search_term_string\"}}],\"inLanguage\":\"en-US\"}]}<\/script>\n<!-- \/ Yoast SEO plugin. -->","yoast_head_json":{"title":"Zakaj Kaj\u017ea? &#8226; Kaj\u017ea","robots":{"index":"index","follow":"follow","max-snippet":"max-snippet:-1","max-image-preview":"max-image-preview:large","max-video-preview":"max-video-preview:-1"},"canonical":"https:\/\/kajza.si\/index.php\/zakaj-kajza\/","og_locale":"en_US","og_type":"article","og_title":"Zakaj Kaj\u017ea? &#8226; Kaj\u017ea","og_url":"https:\/\/kajza.si\/index.php\/zakaj-kajza\/","og_site_name":"Kaj\u017ea","article_modified_time":"2021-10-29T11:38:17+00:00","og_image":[{"url":"https:\/\/kajza.si\/wp-content\/uploads\/2021\/10\/kajza1-300x213.png","type":"","width":"","height":""}],"twitter_card":"summary_large_image","twitter_misc":{"Est. reading time":"1 minute"},"schema":{"@context":"https:\/\/schema.org","@graph":[{"@type":"WebPage","@id":"https:\/\/kajza.si\/index.php\/zakaj-kajza\/","url":"https:\/\/kajza.si\/index.php\/zakaj-kajza\/","name":"Zakaj Kaj\u017ea? &#8226; Kaj\u017ea","isPartOf":{"@id":"https:\/\/kajza.si\/#website"},"primaryImageOfPage":{"@id":"https:\/\/kajza.si\/index.php\/zakaj-kajza\/#primaryimage"},"image":{"@id":"https:\/\/kajza.si\/index.php\/zakaj-kajza\/#primaryimage"},"thumbnailUrl":"https:\/\/kajza.si\/wp-content\/uploads\/2021\/10\/kajza1-300x213.png","datePublished":"2021-08-05T17:02:22+00:00","dateModified":"2021-10-29T11:38:17+00:00","breadcrumb":{"@id":"https:\/\/kajza.si\/index.php\/zakaj-kajza\/#breadcrumb"},"inLanguage":"en-US","potentialAction":[{"@type":"ReadAction","target":["https:\/\/kajza.si\/index.php\/zakaj-kajza\/"]}]},{"@type":"ImageObject","inLanguage":"en-US","@id":"https:\/\/kajza.si\/index.php\/zakaj-kajza\/#primaryimage","url":"https:\/\/kajza.si\/wp-content\/uploads\/2021\/10\/kajza1.png","contentUrl":"https:\/\/kajza.si\/wp-content\/uploads\/2021\/10\/kajza1.png","width":1033,"height":733},{"@type":"BreadcrumbList","@id":"https:\/\/kajza.si\/index.php\/zakaj-kajza\/#breadcrumb","itemListElement":[{"@type":"ListItem","position":1,"name":"Home","item":"https:\/\/kajza.si\/"},{"@type":"ListItem","position":2,"name":"Zakaj Kaj\u017ea?"}]},{"@type":"WebSite","@id":"https:\/\/kajza.si\/#website","url":"https:\/\/kajza.si\/","name":"Kaj\u017ea","description":"Sti\u010di\u0161\u010de za prenovo in trajnostno bivanje","potentialAction":[{"@type":"SearchAction","target":{"@type":"EntryPoint","urlTemplate":"https:\/\/kajza.si\/?s={search_term_string}"},"query-input":{"@type":"PropertyValueSpecification","valueRequired":true,"valueName":"search_term_string"}}],"inLanguage":"en-US"}]}},"coauthors":[],"author_meta":{"author_link":"https:\/\/kajza.si\/index.php\/author\/ajdaiam\/","display_name":"admin"},"relative_dates":{"created":"Posted 5 years ago","modified":"Updated 5 years ago"},"absolute_dates":{"created":"Posted on August 5, 2021","modified":"Updated on October 29, 2021"},"absolute_dates_time":{"created":"Posted on August 5, 2021 5:02 pm","modified":"Updated on October 29, 2021 11:38 am"},"featured_img_caption":"","featured_img":false,"series_order":"","_links":{"self":[{"href":"https:\/\/kajza.si\/index.php\/wp-json\/wp\/v2\/pages\/8","targetHints":{"allow":["GET"]}}],"collection":[{"href":"https:\/\/kajza.si\/index.php\/wp-json\/wp\/v2\/pages"}],"about":[{"href":"https:\/\/kajza.si\/index.php\/wp-json\/wp\/v2\/types\/page"}],"author":[{"embeddable":true,"href":"https:\/\/kajza.si\/index.php\/wp-json\/wp\/v2\/users\/1"}],"replies":[{"embeddable":true,"href":"https:\/\/kajza.si\/index.php\/wp-json\/wp\/v2\/comments?post=8"}],"version-history":[{"count":8,"href":"https:\/\/kajza.si\/index.php\/wp-json\/wp\/v2\/pages\/8\/revisions"}],"predecessor-version":[{"id":674,"href":"https:\/\/kajza.si\/index.php\/wp-json\/wp\/v2\/pages\/8\/revisions\/674"}],"wp:attachment":[{"href":"https:\/\/kajza.si\/index.php\/wp-json\/wp\/v2\/media?parent=8"}],"curies":[{"name":"wp","href":"https:\/\/api.w.org\/{rel}","templated":true}]}}