{"id":1358,"date":"2022-03-06T10:01:42","date_gmt":"2022-03-06T10:01:42","guid":{"rendered":"https:\/\/kajza.si\/?page_id=1358"},"modified":"2023-07-18T08:35:09","modified_gmt":"2023-07-18T08:35:09","slug":"drugi-o-nas","status":"publish","type":"page","link":"https:\/\/kajza.si\/index.php\/drugi-o-nas\/","title":{"rendered":"Drugi o nas"},"content":{"rendered":"\n<div class=\"wp-block-advgb-columns advgb-columns-wrapper\" id=\"advgb-cols-cae8ddbd-121a-4e12-b6a9-3a387f8a247d\"><div class=\"advgb-columns-container\"><div class=\"advgb-columns advgb-columns-row advgb-is-mobile advgb-columns-2 layout-45-15 mbl-layout-stacked vgutter-10\">\n<div class=\"wp-block-advgb-column advgb-column advgb-is-four-fifths-tablet advgb-is-full-mobile\" id=\"advgb-col-3e78d988-8a30-4292-b979-b2d2bb0989f8\"><div class=\"advgb-column-inner\" style=\"border-style:none;border-width:1px\">\n<h1 class=\"has-text-align-left wp-block-heading\">Drugi o nas<\/h1>\n\n\n\n<div style=\"height:100px\" aria-hidden=\"true\" class=\"wp-block-spacer\"><\/div>\n\n\n\n<p class=\"has-medium-font-size\"><strong>Oddaja Panorama, 25. maj 2023<\/strong><\/p>\n\n\n\n<p><a href=\"https:\/\/www.rtvslo.si\/rtv365\/arhiv\/174960213?s=tv\">https:\/\/www.rtvslo.si\/rtv365\/arhiv\/174960213?s=tv<\/a><\/p>\n\n\n\n<figure class=\"wp-block-image size-large\"><img loading=\"lazy\" decoding=\"async\" width=\"1024\" height=\"569\" src=\"https:\/\/kajza.si\/wp-content\/uploads\/2023\/05\/Manca_Panorama-1024x569.jpg\" alt=\"\" class=\"wp-image-2524\" srcset=\"https:\/\/kajza.si\/wp-content\/uploads\/2023\/05\/Manca_Panorama-1024x569.jpg 1024w, https:\/\/kajza.si\/wp-content\/uploads\/2023\/05\/Manca_Panorama-300x167.jpg 300w, https:\/\/kajza.si\/wp-content\/uploads\/2023\/05\/Manca_Panorama-768x427.jpg 768w, https:\/\/kajza.si\/wp-content\/uploads\/2023\/05\/Manca_Panorama-1536x854.jpg 1536w, https:\/\/kajza.si\/wp-content\/uploads\/2023\/05\/Manca_Panorama.jpg 1908w\" sizes=\"auto, (max-width: 1024px) 100vw, 1024px\" \/><\/figure>\n\n\n\n<div style=\"height:100px\" aria-hidden=\"true\" class=\"wp-block-spacer\"><\/div>\n\n\n\n<p class=\"has-medium-font-size\"><strong>Ustanoviteljica Kaj\u017ee Ajda Bra\u010di\u010d je ime tedna na Valu 202, 19. junij 2023<\/strong><\/p>\n\n\n\n<p><a href=\"https:\/\/val202.rtvslo.si\/podkast\/ime-tedna\/583\/174966281\">https:\/\/val202.rtvslo.si\/podkast\/ime-tedna\/583\/174966281<\/a><\/p>\n\n\n\n<figure class=\"wp-block-image\"><a href=\"https:\/\/val202.rtvslo.si\/podkast\/ime-tedna\/583\/174966281\"><img decoding=\"async\" src=\"https:\/\/img.rtvcdn.si\/_up\/ava\/ava_misc\/show_logos\/583\/imetedna4dnaslovka.jpg\" alt=\"Val 202 \u2022 Ime tedna\"\/><\/a><\/figure>\n\n\n\n<div style=\"height:100px\" aria-hidden=\"true\" class=\"wp-block-spacer\"><\/div>\n\n\n\n<p class=\"has-medium-font-size\" id=\"block-79497435-ab34-44ed-a1e8-e7e004a97cf4\"><strong>Revija Pro Bauhaus, \u0161t. 8, december 2022<\/strong>: <strong>&#8220;Kaj\u017ea&#8221;<\/strong><\/p>\n\n\n\n<p><a href=\"https:\/\/probauhaus.com\/\" target=\"_blank\" rel=\"noreferrer noopener\">probauhaus.com<\/a><\/p>\n\n\n\n<figure class=\"wp-block-image size-large is-resized\"><img loading=\"lazy\" decoding=\"async\" src=\"https:\/\/kajza.si\/wp-content\/uploads\/2023\/02\/328254602_5689051401179696_3724138570838043236_n-855x1024.jpg\" alt=\"\" class=\"wp-image-2267\" width=\"428\" height=\"512\" srcset=\"https:\/\/kajza.si\/wp-content\/uploads\/2023\/02\/328254602_5689051401179696_3724138570838043236_n-855x1024.jpg 855w, https:\/\/kajza.si\/wp-content\/uploads\/2023\/02\/328254602_5689051401179696_3724138570838043236_n-250x300.jpg 250w, https:\/\/kajza.si\/wp-content\/uploads\/2023\/02\/328254602_5689051401179696_3724138570838043236_n-768x920.jpg 768w, https:\/\/kajza.si\/wp-content\/uploads\/2023\/02\/328254602_5689051401179696_3724138570838043236_n-1282x1536.jpg 1282w, https:\/\/kajza.si\/wp-content\/uploads\/2023\/02\/328254602_5689051401179696_3724138570838043236_n.jpg 1709w\" sizes=\"auto, (max-width: 428px) 100vw, 428px\" \/><\/figure>\n\n\n\n<div style=\"height:100px\" aria-hidden=\"true\" class=\"wp-block-spacer\"><\/div>\n\n\n\n<p class=\"has-medium-font-size\"><strong>Radio \u0160tudent: &#8220;Podrtije niso za odpis&#8221;, 4.11.2021<\/strong><\/p>\n\n\n\n<p><a href=\"https:\/\/radiostudent.si\/kultura\/kulturne-novice\/podrtije-niso-za-odpis\">https:\/\/radiostudent.si\/kultura\/kulturne-novice\/podrtije-niso-za-odpis<\/a><\/p>\n\n\n\n<figure class=\"wp-block-image size-full is-resized\"><a href=\"https:\/\/radiostudent.si\/kultura\/kulturne-novice\/podrtije-niso-za-odpis\"><img loading=\"lazy\" decoding=\"async\" src=\"https:\/\/kajza.si\/wp-content\/uploads\/2022\/03\/rs.png\" alt=\"\" class=\"wp-image-1359\" width=\"402\" height=\"405\" srcset=\"https:\/\/kajza.si\/wp-content\/uploads\/2022\/03\/rs.png 785w, https:\/\/kajza.si\/wp-content\/uploads\/2022\/03\/rs-298x300.png 298w, https:\/\/kajza.si\/wp-content\/uploads\/2022\/03\/rs-150x150.png 150w, https:\/\/kajza.si\/wp-content\/uploads\/2022\/03\/rs-768x774.png 768w\" sizes=\"auto, (max-width: 402px) 100vw, 402px\" \/><\/a><\/figure>\n\n\n\n<div style=\"height:93px\" aria-hidden=\"true\" class=\"wp-block-spacer\"><\/div>\n\n\n\n<p class=\"has-medium-font-size\"><strong>Ve\u010der: &#8220;Arhitektka Ajda Bra\u010di\u010d: Odnos do prenove se je v zadnjih letih nekoliko spremenil, arhitekti si dovolijo biti drznej\u0161i&#8221;, 02.01.2022<\/strong><\/p>\n\n\n\n<p><a href=\"https:\/\/www.vecer.com\/vecer-v-nedeljo\/intervju-arhitektka-ajda-bracic-odnos-do-prenove-se-je-v-zadnjih-letih-nekoliko-spremenil-arhitekti-si-dovolijo-biti-drznejsi-10264883\">https:\/\/www.vecer.com\/vecer-v-nedeljo\/intervju-arhitektka-ajda-bracic-odnos-do-prenove-se-je-v-zadnjih-letih-nekoliko-spremenil-arhitekti-si-dovolijo-biti-drznejsi-10264883<\/a><\/p>\n\n\n\n<figure class=\"wp-block-image size-medium\"><a href=\"https:\/\/www.vecer.com\/vecer-v-nedeljo\/intervju-arhitektka-ajda-bracic-odnos-do-prenove-se-je-v-zadnjih-letih-nekoliko-spremenil-arhitekti-si-dovolijo-biti-drznejsi-10264883\"><img loading=\"lazy\" decoding=\"async\" width=\"300\" height=\"256\" src=\"https:\/\/kajza.si\/wp-content\/uploads\/2022\/03\/vecer-300x256.png\" alt=\"\" class=\"wp-image-1360\" srcset=\"https:\/\/kajza.si\/wp-content\/uploads\/2022\/03\/vecer-300x256.png 300w, https:\/\/kajza.si\/wp-content\/uploads\/2022\/03\/vecer-768x655.png 768w, https:\/\/kajza.si\/wp-content\/uploads\/2022\/03\/vecer.png 948w\" sizes=\"auto, (max-width: 300px) 100vw, 300px\" \/><\/a><\/figure>\n\n\n\n<div style=\"height:100px\" aria-hidden=\"true\" class=\"wp-block-spacer\"><\/div>\n\n\n\n<p class=\"has-medium-font-size\"><strong>Revija Prazni\u010dna: &#8220;Dobrodo\u0161li v Kaj\u017ei!&#8221;, 04.03.2022<\/strong><\/p>\n\n\n\n<p><a href=\"https:\/\/www.druzina.si\/flip\/revije\/praznicna-druzina\/2022\/1\/mobile\/index.html\">https:\/\/www.druzina.si\/flip\/revije\/praznicna-druzina\/2022\/1\/mobile\/index.html<\/a><\/p>\n\n\n\n<figure class=\"wp-block-image size-medium\"><a href=\"https:\/\/www.druzina.si\/flip\/revije\/praznicna-druzina\/2022\/1\/mobile\/index.html\"><img loading=\"lazy\" decoding=\"async\" width=\"300\" height=\"225\" src=\"https:\/\/kajza.si\/wp-content\/uploads\/2022\/03\/274848217_995386941077245_6447953350120817098_n-300x225.jpg\" alt=\"\" class=\"wp-image-1361\" srcset=\"https:\/\/kajza.si\/wp-content\/uploads\/2022\/03\/274848217_995386941077245_6447953350120817098_n-300x225.jpg 300w, https:\/\/kajza.si\/wp-content\/uploads\/2022\/03\/274848217_995386941077245_6447953350120817098_n-768x576.jpg 768w, https:\/\/kajza.si\/wp-content\/uploads\/2022\/03\/274848217_995386941077245_6447953350120817098_n.jpg 960w\" sizes=\"auto, (max-width: 300px) 100vw, 300px\" \/><\/a><\/figure>\n\n\n\n<div style=\"height:100px\" aria-hidden=\"true\" class=\"wp-block-spacer\"><\/div>\n\n\n\n<p class=\"has-medium-font-size\"><strong>TV Ambienti: &#8220;Prenova, ker si tudi stare hi\u0161e zaslu\u017eijo drugo prilo\u017enost<\/strong>&#8220;<strong>, 27.07.2022<\/strong><\/p>\n\n\n\n<figure class=\"wp-block-embed is-type-wp-embed is-provider-ambienti wp-block-embed-ambienti\"><div class=\"wp-block-embed__wrapper\">\nhttps:\/\/tvambienti.si\/27\/07\/2022\/prenova-ker-si-tudi-stare-hise-zasluzijo-drugo-priloznost\/\n<\/div><\/figure>\n\n\n\n<p><a href=\"https:\/\/val202.rtvslo.si\/podkast\/ime-tedna\/583\/174966281\">https:\/\/val202.rtvslo.si\/podkast\/ime-tedna\/583\/174966281<\/a><\/p>\n<\/div><\/div>\n\n\n\n<div class=\"wp-block-advgb-column advgb-column advgb-is-one-fifth-tablet advgb-is-full-mobile\" id=\"advgb-col-59cf2bc5-1b47-4e5f-a455-0111d6d52f1c\"><div class=\"advgb-column-inner\" style=\"border-style:none;border-width:1px\"><\/div><\/div>\n<\/div><\/div><\/div>\n<style class=\"advgb-styles-renderer\">#advgb-col-3e78d988-8a30-4292-b979-b2d2bb0989f8>.advgb-column-inner{}@media screen and (max-width: 1023px) {#advgb-col-3e78d988-8a30-4292-b979-b2d2bb0989f8>.advgb-column-inner{}}@media screen and (max-width: 767px) {#advgb-col-3e78d988-8a30-4292-b979-b2d2bb0989f8>.advgb-column-inner{}}#advgb-col-59cf2bc5-1b47-4e5f-a455-0111d6d52f1c>.advgb-column-inner{}@media screen and (max-width: 1023px) {#advgb-col-59cf2bc5-1b47-4e5f-a455-0111d6d52f1c>.advgb-column-inner{}}@media screen and (max-width: 767px) {#advgb-col-59cf2bc5-1b47-4e5f-a455-0111d6d52f1c>.advgb-column-inner{}}#advgb-cols-cae8ddbd-121a-4e12-b6a9-3a387f8a247d{}@media screen and (max-width: 1023px) {#advgb-cols-cae8ddbd-121a-4e12-b6a9-3a387f8a247d{}}@media screen and (max-width: 767px) {#advgb-cols-cae8ddbd-121a-4e12-b6a9-3a387f8a247d{}}#advgb-col-3e78d988-8a30-4292-b979-b2d2bb0989f8>.advgb-column-inner{}@media screen and (max-width: 1023px) {#advgb-col-3e78d988-8a30-4292-b979-b2d2bb0989f8>.advgb-column-inner{}}@media screen and (max-width: 767px) {#advgb-col-3e78d988-8a30-4292-b979-b2d2bb0989f8>.advgb-column-inner{}}#advgb-col-59cf2bc5-1b47-4e5f-a455-0111d6d52f1c>.advgb-column-inner{}@media screen and (max-width: 1023px) {#advgb-col-59cf2bc5-1b47-4e5f-a455-0111d6d52f1c>.advgb-column-inner{}}@media screen and (max-width: 767px) {#advgb-col-59cf2bc5-1b47-4e5f-a455-0111d6d52f1c>.advgb-column-inner{}}<\/style>","protected":false},"excerpt":{"rendered":"<span class=\"archive-read-more\"><a href=\"https:\/\/kajza.si\/index.php\/drugi-o-nas\/\">Preberite ve\u010d ...<\/a><\/span>","protected":false},"author":1,"featured_media":0,"parent":0,"menu_order":0,"comment_status":"closed","ping_status":"closed","template":"container.php","meta":{"advgb_blocks_editor_width":"","advgb_blocks_columns_visual_guide":"","footnotes":""},"class_list":["post-1358","page","type-page","status-publish","hentry"],"yoast_head":"<!-- This site is optimized with the Yoast SEO plugin v27.6 - https:\/\/yoast.com\/product\/yoast-seo-wordpress\/ -->\n<title>Drugi o nas &#8226; Kaj\u017ea<\/title>\n<meta name=\"robots\" content=\"index, follow, max-snippet:-1, max-image-preview:large, max-video-preview:-1\" \/>\n<link rel=\"canonical\" href=\"https:\/\/kajza.si\/index.php\/drugi-o-nas\/\" \/>\n<meta property=\"og:locale\" content=\"en_US\" \/>\n<meta property=\"og:type\" content=\"article\" \/>\n<meta property=\"og:title\" content=\"Drugi o nas &#8226; Kaj\u017ea\" \/>\n<meta property=\"og:url\" content=\"https:\/\/kajza.si\/index.php\/drugi-o-nas\/\" \/>\n<meta property=\"og:site_name\" content=\"Kaj\u017ea\" \/>\n<meta property=\"article:modified_time\" content=\"2023-07-18T08:35:09+00:00\" \/>\n<meta property=\"og:image\" content=\"https:\/\/kajza.si\/wp-content\/uploads\/2023\/05\/Manca_Panorama-1024x569.jpg\" \/>\n<meta name=\"twitter:card\" content=\"summary_large_image\" \/>\n<meta name=\"twitter:label1\" content=\"Est. reading time\" \/>\n\t<meta name=\"twitter:data1\" content=\"2 minutes\" \/>\n<script type=\"application\/ld+json\" class=\"yoast-schema-graph\">{\"@context\":\"https:\\\/\\\/schema.org\",\"@graph\":[{\"@type\":\"WebPage\",\"@id\":\"https:\\\/\\\/kajza.si\\\/index.php\\\/drugi-o-nas\\\/\",\"url\":\"https:\\\/\\\/kajza.si\\\/index.php\\\/drugi-o-nas\\\/\",\"name\":\"Drugi o nas &#8226; Kaj\u017ea\",\"isPartOf\":{\"@id\":\"https:\\\/\\\/kajza.si\\\/#website\"},\"primaryImageOfPage\":{\"@id\":\"https:\\\/\\\/kajza.si\\\/index.php\\\/drugi-o-nas\\\/#primaryimage\"},\"image\":{\"@id\":\"https:\\\/\\\/kajza.si\\\/index.php\\\/drugi-o-nas\\\/#primaryimage\"},\"thumbnailUrl\":\"https:\\\/\\\/kajza.si\\\/wp-content\\\/uploads\\\/2023\\\/05\\\/Manca_Panorama-1024x569.jpg\",\"datePublished\":\"2022-03-06T10:01:42+00:00\",\"dateModified\":\"2023-07-18T08:35:09+00:00\",\"breadcrumb\":{\"@id\":\"https:\\\/\\\/kajza.si\\\/index.php\\\/drugi-o-nas\\\/#breadcrumb\"},\"inLanguage\":\"en-US\",\"potentialAction\":[{\"@type\":\"ReadAction\",\"target\":[\"https:\\\/\\\/kajza.si\\\/index.php\\\/drugi-o-nas\\\/\"]}]},{\"@type\":\"ImageObject\",\"inLanguage\":\"en-US\",\"@id\":\"https:\\\/\\\/kajza.si\\\/index.php\\\/drugi-o-nas\\\/#primaryimage\",\"url\":\"https:\\\/\\\/kajza.si\\\/wp-content\\\/uploads\\\/2023\\\/05\\\/Manca_Panorama.jpg\",\"contentUrl\":\"https:\\\/\\\/kajza.si\\\/wp-content\\\/uploads\\\/2023\\\/05\\\/Manca_Panorama.jpg\",\"width\":1908,\"height\":1061},{\"@type\":\"BreadcrumbList\",\"@id\":\"https:\\\/\\\/kajza.si\\\/index.php\\\/drugi-o-nas\\\/#breadcrumb\",\"itemListElement\":[{\"@type\":\"ListItem\",\"position\":1,\"name\":\"Home\",\"item\":\"https:\\\/\\\/kajza.si\\\/\"},{\"@type\":\"ListItem\",\"position\":2,\"name\":\"Drugi o nas\"}]},{\"@type\":\"WebSite\",\"@id\":\"https:\\\/\\\/kajza.si\\\/#website\",\"url\":\"https:\\\/\\\/kajza.si\\\/\",\"name\":\"Kaj\u017ea\",\"description\":\"Sti\u010di\u0161\u010de za prenovo in trajnostno bivanje\",\"potentialAction\":[{\"@type\":\"SearchAction\",\"target\":{\"@type\":\"EntryPoint\",\"urlTemplate\":\"https:\\\/\\\/kajza.si\\\/?s={search_term_string}\"},\"query-input\":{\"@type\":\"PropertyValueSpecification\",\"valueRequired\":true,\"valueName\":\"search_term_string\"}}],\"inLanguage\":\"en-US\"}]}<\/script>\n<!-- \/ Yoast SEO plugin. -->","yoast_head_json":{"title":"Drugi o nas &#8226; Kaj\u017ea","robots":{"index":"index","follow":"follow","max-snippet":"max-snippet:-1","max-image-preview":"max-image-preview:large","max-video-preview":"max-video-preview:-1"},"canonical":"https:\/\/kajza.si\/index.php\/drugi-o-nas\/","og_locale":"en_US","og_type":"article","og_title":"Drugi o nas &#8226; Kaj\u017ea","og_url":"https:\/\/kajza.si\/index.php\/drugi-o-nas\/","og_site_name":"Kaj\u017ea","article_modified_time":"2023-07-18T08:35:09+00:00","og_image":[{"url":"https:\/\/kajza.si\/wp-content\/uploads\/2023\/05\/Manca_Panorama-1024x569.jpg","type":"","width":"","height":""}],"twitter_card":"summary_large_image","twitter_misc":{"Est. reading time":"2 minutes"},"schema":{"@context":"https:\/\/schema.org","@graph":[{"@type":"WebPage","@id":"https:\/\/kajza.si\/index.php\/drugi-o-nas\/","url":"https:\/\/kajza.si\/index.php\/drugi-o-nas\/","name":"Drugi o nas &#8226; Kaj\u017ea","isPartOf":{"@id":"https:\/\/kajza.si\/#website"},"primaryImageOfPage":{"@id":"https:\/\/kajza.si\/index.php\/drugi-o-nas\/#primaryimage"},"image":{"@id":"https:\/\/kajza.si\/index.php\/drugi-o-nas\/#primaryimage"},"thumbnailUrl":"https:\/\/kajza.si\/wp-content\/uploads\/2023\/05\/Manca_Panorama-1024x569.jpg","datePublished":"2022-03-06T10:01:42+00:00","dateModified":"2023-07-18T08:35:09+00:00","breadcrumb":{"@id":"https:\/\/kajza.si\/index.php\/drugi-o-nas\/#breadcrumb"},"inLanguage":"en-US","potentialAction":[{"@type":"ReadAction","target":["https:\/\/kajza.si\/index.php\/drugi-o-nas\/"]}]},{"@type":"ImageObject","inLanguage":"en-US","@id":"https:\/\/kajza.si\/index.php\/drugi-o-nas\/#primaryimage","url":"https:\/\/kajza.si\/wp-content\/uploads\/2023\/05\/Manca_Panorama.jpg","contentUrl":"https:\/\/kajza.si\/wp-content\/uploads\/2023\/05\/Manca_Panorama.jpg","width":1908,"height":1061},{"@type":"BreadcrumbList","@id":"https:\/\/kajza.si\/index.php\/drugi-o-nas\/#breadcrumb","itemListElement":[{"@type":"ListItem","position":1,"name":"Home","item":"https:\/\/kajza.si\/"},{"@type":"ListItem","position":2,"name":"Drugi o nas"}]},{"@type":"WebSite","@id":"https:\/\/kajza.si\/#website","url":"https:\/\/kajza.si\/","name":"Kaj\u017ea","description":"Sti\u010di\u0161\u010de za prenovo in trajnostno bivanje","potentialAction":[{"@type":"SearchAction","target":{"@type":"EntryPoint","urlTemplate":"https:\/\/kajza.si\/?s={search_term_string}"},"query-input":{"@type":"PropertyValueSpecification","valueRequired":true,"valueName":"search_term_string"}}],"inLanguage":"en-US"}]}},"coauthors":[],"author_meta":{"author_link":"https:\/\/kajza.si\/index.php\/author\/ajdaiam\/","display_name":"admin"},"relative_dates":{"created":"Posted 4 years ago","modified":"Updated 3 years ago"},"absolute_dates":{"created":"Posted on March 6, 2022","modified":"Updated on July 18, 2023"},"absolute_dates_time":{"created":"Posted on March 6, 2022 10:01 am","modified":"Updated on July 18, 2023 8:35 am"},"featured_img_caption":"","featured_img":false,"series_order":"","_links":{"self":[{"href":"https:\/\/kajza.si\/index.php\/wp-json\/wp\/v2\/pages\/1358","targetHints":{"allow":["GET"]}}],"collection":[{"href":"https:\/\/kajza.si\/index.php\/wp-json\/wp\/v2\/pages"}],"about":[{"href":"https:\/\/kajza.si\/index.php\/wp-json\/wp\/v2\/types\/page"}],"author":[{"embeddable":true,"href":"https:\/\/kajza.si\/index.php\/wp-json\/wp\/v2\/users\/1"}],"replies":[{"embeddable":true,"href":"https:\/\/kajza.si\/index.php\/wp-json\/wp\/v2\/comments?post=1358"}],"version-history":[{"count":14,"href":"https:\/\/kajza.si\/index.php\/wp-json\/wp\/v2\/pages\/1358\/revisions"}],"predecessor-version":[{"id":2608,"href":"https:\/\/kajza.si\/index.php\/wp-json\/wp\/v2\/pages\/1358\/revisions\/2608"}],"wp:attachment":[{"href":"https:\/\/kajza.si\/index.php\/wp-json\/wp\/v2\/media?parent=1358"}],"curies":[{"name":"wp","href":"https:\/\/api.w.org\/{rel}","templated":true}]}}